{"id":2,"date":"2014-10-27T14:45:31","date_gmt":"2014-10-27T14:45:31","guid":{"rendered":"http:\/\/hebergement.afcloud.fr\/gentianes\/?page_id=2"},"modified":"2018-03-10T20:40:51","modified_gmt":"2018-03-10T20:40:51","slug":"decouvrez-gentianes","status":"publish","type":"page","link":"http:\/\/hebergement.afcloud.fr\/gentianes\/","title":{"rendered":"Locations de vacances au Grand-Bornand"},"content":{"rendered":"<h3>Cliquez sur les images ci-dessous pour acc\u00e9der aux panoramiques 360\u00b0<\/h3>\n<table border=\"0\" width=\"100%\">\n<tbody>\n<tr>\n<td>&nbsp;<a title=\"Visite virtuelle Gentianes 1\" href=\"http:\/\/afcloud.fr\/vv\/gentianes1\/gentianes1.html\" target=\"_blank\" rel=\"noopener\"><img loading=\"lazy\" decoding=\"async\" class=\"aligncenter wp-image-16\" src=\"http:\/\/hebergement.afcloud.fr\/gentianes\/wp-content\/uploads\/2014\/10\/DSC_0281_HDR-449x304.jpg\" alt=\"Gentianes 1\" width=\"451\" height=\"300\"><\/a><\/td>\n<td>&nbsp;<a title=\"Visite virtuelle\" href=\"http:\/\/afcloud.fr\/vv\/gentianes2\/gentianes2.html\" target=\"_blank\" rel=\"noopener\"><img loading=\"lazy\" decoding=\"async\" class=\"aligncenter wp-image-9\" src=\"http:\/\/hebergement.afcloud.fr\/gentianes\/wp-content\/uploads\/2014\/10\/DSC_0221-1024x682.jpg\" alt=\"DSC_0221\" width=\"450\" height=\"300\" srcset=\"http:\/\/hebergement.afcloud.fr\/gentianes\/wp-content\/uploads\/2014\/10\/DSC_0221-1024x682.jpg 1024w, http:\/\/hebergement.afcloud.fr\/gentianes\/wp-content\/uploads\/2014\/10\/DSC_0221-300x200.jpg 300w, http:\/\/hebergement.afcloud.fr\/gentianes\/wp-content\/uploads\/2014\/10\/DSC_0221.jpg 1600w\" sizes=\"auto, (max-width: 450px) 100vw, 450px\" \/><\/a><\/td>\n<\/tr>\n<tr>\n<td style=\"text-align: center;\">\n<h2><em><strong>&nbsp;Gentianes 1<\/strong><\/em><\/h2>\n<h3><a href=\"http:\/\/hebergement.afcloud.fr\/gentianes\/gentianes-1-photos\/\" target=\"_blank\" rel=\"noopener\">Cliquez-ici pour acc\u00e9der \u00e0 la galerie photos<\/a><\/h3>\n<\/td>\n<td style=\"text-align: center;\">\n<h2><em><strong>&nbsp;Gentianes 2<\/strong><\/em><\/h2>\n<h3><a href=\"http:\/\/hebergement.afcloud.fr\/gentianes\/gentianes-2-photos\/\" target=\"_blank\" rel=\"noopener\">Cliquez-ici pour acc\u00e9der \u00e0 la galerie photos<\/a><\/h3>\n<\/td>\n<\/tr>\n<\/tbody>\n<\/table>\n<p>&nbsp;<\/p>\n<hr>\n<h2 style=\"text-align: center;\"><a href=\"http:\/\/www.augrandbornand.com\/details_location.php?idLocation=25\" target=\"_blank\" rel=\"noopener\">Cliquez ici pour plus d&rsquo;informations (Photos, disponibilit\u00e9s &amp; tarifs)<\/a><\/h2>\n","protected":false},"excerpt":{"rendered":"<p>Cliquez sur les images ci-dessous pour acc\u00e9der aux panoramiques 360\u00b0 &nbsp; &nbsp; &nbsp;Gentianes 1 Cliquez-ici pour acc\u00e9der \u00e0 la galerie photos &nbsp;Gentianes 2 Cliquez-ici pour acc\u00e9der \u00e0 la galerie photos &nbsp; Cliquez ici pour plus d&rsquo;informations (Photos, disponibilit\u00e9s &amp; tarifs)<a class=\"read-more \" href=\"http:\/\/hebergement.afcloud.fr\/gentianes\/\" title=\"Read More\"> <span class=\"button default\">Read More<\/span><\/a><\/p>\n","protected":false},"author":1,"featured_media":0,"parent":0,"menu_order":0,"comment_status":"closed","ping_status":"open","template":"","meta":{"ngg_post_thumbnail":0,"footnotes":""},"class_list":["post-2","page","type-page","status-publish","hentry"],"_links":{"self":[{"href":"http:\/\/hebergement.afcloud.fr\/gentianes\/wp-json\/wp\/v2\/pages\/2","targetHints":{"allow":["GET"]}}],"collection":[{"href":"http:\/\/hebergement.afcloud.fr\/gentianes\/wp-json\/wp\/v2\/pages"}],"about":[{"href":"http:\/\/hebergement.afcloud.fr\/gentianes\/wp-json\/wp\/v2\/types\/page"}],"author":[{"embeddable":true,"href":"http:\/\/hebergement.afcloud.fr\/gentianes\/wp-json\/wp\/v2\/users\/1"}],"replies":[{"embeddable":true,"href":"http:\/\/hebergement.afcloud.fr\/gentianes\/wp-json\/wp\/v2\/comments?post=2"}],"version-history":[{"count":28,"href":"http:\/\/hebergement.afcloud.fr\/gentianes\/wp-json\/wp\/v2\/pages\/2\/revisions"}],"predecessor-version":[{"id":130,"href":"http:\/\/hebergement.afcloud.fr\/gentianes\/wp-json\/wp\/v2\/pages\/2\/revisions\/130"}],"wp:attachment":[{"href":"http:\/\/hebergement.afcloud.fr\/gentianes\/wp-json\/wp\/v2\/media?parent=2"}],"curies":[{"name":"wp","href":"https:\/\/api.w.org\/{rel}","templated":true}]}}